{"id":33,"date":"2020-11-12T15:27:30","date_gmt":"2020-11-12T15:27:30","guid":{"rendered":"http:\/\/france.frmicrosites.autonomic.zone\/?page_id=33"},"modified":"2022-07-20T08:27:03","modified_gmt":"2022-07-20T07:27:03","slug":"about","status":"publish","type":"page","link":"https:\/\/france.frmicrosites.autonomic.zone\/de\/about\/","title":{"rendered":"\u00c0 Propos"},"content":{"rendered":"<section class=\"gb-container gb-container-097f91bb jumbotron\"><div class=\"gb-inside-container\">\n\n<h1 class=\"has-text-align-center wp-block-heading\"><strong>A PROPOS DE Fashion<\/strong> revolution<\/h1>\n\n<\/div><\/section>\n\n\n<p>Nous estimons que le monde a besoin d\u2019un changement radical, dans nos relations \u2013 les uns avec les autres, avec nos v\u00eatements, au sein des cha\u00eenes d\u2019approvisionnement de la mode et avec le monde du Vivant \u2013 afin d\u2019amplifier les droits des personnes et les droits de la nature partout o\u00f9 les d\u00e9cisions sont prises. FASHION REVOLUTION d\u00e9clare : L\u2019exploitation humaine et la d\u00e9gradation des \u00e9cosyst\u00e8mes que l\u2019on constate tout autour de nous aujourd\u2019hui sont le produit de si\u00e8cles de colonialisme et d\u2019exploitation mondialis\u00e9e, d\u00e9coulant d\u2019une vision du monde centr\u00e9e sur l\u2019Occident dans laquelle prosp\u00e9rit\u00e9 humaine et environnementale sont isol\u00e9es et d\u00e9connect\u00e9es l\u2019une de l\u2019autre.<\/p>\n\n\n\n<h3 class=\"gb-headline gb-headline-d1f07adf gb-headline-text\">L&#8217;association<\/h3>\n\n\n\n<p>&#8220;Fashion Revolution&#8221; lanc\u00e9e en 2013 apr\u00e8s l&#8217;effondrement de l&#8217;usine du Rana Plaza. Nous sommes une organisation internationale \u00e0 but non lucratif d\u00e9di\u00e9e \u00e0 une industrie de la mode propre, s\u00fbre, \u00e9quitable, transparente et responsable. Nous promouvons l&#8217;\u00e9ducation&nbsp; au sein de l&#8217;industrie du textile et de la mode et contribuons ainsi \u00e0 un changement positif des conditions de travail dans les pays producteurs. Ce faisant, nous mettons en \u00e9vidence de nouvelles perspectives pour une utilisation prudente des ressources, en nous effor\u00e7ant de laisser une empreinte \u00e9cologique dans le monde et en exigeant plus de transparence dans la cha\u00eene de valeur du textile.<\/p>\n\n\n\n<p>Gr\u00e2ce \u00e0 la diffusion de concepts de solutions durables (labels de mode \u00e9co-\u00e9quitables, id\u00e9es de projets innovants, mod\u00e8les \u00e9conomiques alternatifs), d&#8217;informations de fond et d&#8217;expertise pour les entreprises et les consommateurs, nous cr\u00e9erons un changement de conscience qui encouragera une action active &#8211; car ce n&#8217;est que par une consommation et une action conscientes que des am\u00e9liorations pourront \u00eatre apport\u00e9es \u00e0 tous les niveaux de la cha\u00eene de production textile.<\/p>\n\n\n\n<p>&#8216;industrie de la mode a le pouvoir d&#8217;influencer et de contribuer \u00e0 la cr\u00e9ation d&#8217;am\u00e9liorations sociales et \u00e9cologiques significatives, gr\u00e2ce \u00e0 un mode d&#8217;action durable.&nbsp;<\/p>\n\n\n\n<h3 class=\"gb-headline gb-headline-2cb8e650 gb-headline-text\"><strong>Qu<\/strong>i sommes nous?<\/h3>\n\n\n\n<p>Nous sommes chercheurs, designers, consultants, professeurs, journalistes et auteurs ou sp\u00e9cialistes de la communication issus du secteur de la mode. Nous sommes unis par l&#8217;id\u00e9e de transmettre nos connaissances sur les impacts de l&#8217;industrie textile en informant le grand public, les \u00e9l\u00e8ves et \u00e9tudiants, les professionnels et les politiques sur tous les aspects sociaux et \u00e9cologiques. Nous sommes convaincus que ce n&#8217;est qu&#8217;en transmettant des connaissances que l&#8217;on peut renforcer la confiance des consommateurs, modifier leur comportement de consommation et ainsi changer l&#8217;\u00e9conomie \u00e0 long terme. <a href=\"https:\/\/france.frmicrosites.autonomic.zone\/en\/?page_id=63\/\">D\u00e9couvrez l&#8217;\u00e9quipe France! <\/a><\/p>\n\n\n\n<h3 class=\"gb-headline gb-headline-c2de5638 gb-headline-text\">Ce que nous faisons<\/h3>\n\n\n\n<p>Nous mettons particuli\u00e8rement l&#8217;accent sur la durabilit\u00e9, l&#8217;environnement, les normes sociales et la justice sociale.<\/p>\n\n\n\n<p>Lors de nos r\u00e9unions r\u00e9guli\u00e8res, nous rassemblons les connaissances des experts et nous prenons soin de pr\u00e9senter toutes les informations dans des formats conviviaux pour les consommateurs.<\/p>\n\n\n\n<p>En outre, nous organisons des \u00e9v\u00e9nements publics afin de promouvoir l&#8217;\u00e9change et le transfert de connaissances entre les experts et les parties int\u00e9ress\u00e9es.<\/p>\n\n\n\n<p>Notre travail nous tient \u00e0 c\u0153ur ! Et en fait, uniquement au c\u0153ur. En tant qu&#8217;association \u00e0 but non lucratif, tous nos membres travaillent b\u00e9n\u00e9volement pour un seul objectif : une r\u00e9volution de la mode qui assure sa reconnaissance par tous les participants de la cha\u00eene de valeur de l&#8217;industrie de la mode et du textile. Nous sommes exclusivement financ\u00e9s par les cotisations des membres actifs ou de soutien, les adh\u00e9sions d\u2019autres associations et les dons libres.<\/p>\n\n\n\n<h3 class=\"gb-headline gb-headline-b3d2b723 gb-headline-text\">Qu&#8217;est ce que la Fashion Revolution Week?<\/h3>\n\n\n\n<p>La Fashion Revolution Week est le moment o\u00f9 nous engageons la communaut\u00e9 mondiale pour faire bouger les lignes. Cette semaine est centr\u00e9 sur l\u2019anniversaire de l\u2019effondrement de l\u2019usine Rana Plaza, qui a fait 1 138 personnes et 2500 bless\u00e9.es le 24 avril 2013 \u00e0 Dacca au Bengladesh.&nbsp;<\/p>\n\n\n\n<p>Notre campagne amplifie les voix inaudibles de toute la cha\u00eene d\u2019approvisionnement de la mode et exploite la cr\u00e9ativit\u00e9 de notre communaut\u00e9 pour explorer des solutions innovantes et interconnect\u00e9es.<\/p>\n\n\n\n<p>Rejoignez-nous tous les ans en avril.<\/p>","protected":false},"excerpt":{"rendered":"<p>A PROPOS DE Fashion revolution Nous estimons que le monde a besoin d\u2019un changement radical, dans nos relations \u2013 les uns avec les autres, avec nos v\u00eatements, au sein des cha\u00eenes d\u2019approvisionnement de la mode et avec le monde du Vivant \u2013 afin d\u2019amplifier les droits des personnes et les droits de la nature partout [&hellip;]<\/p>\n","protected":false},"author":1,"featured_media":0,"parent":0,"menu_order":0,"comment_status":"closed","ping_status":"closed","template":"","meta":{"footnotes":""},"class_list":["post-33","page","type-page","status-publish","hentry"],"_links":{"self":[{"href":"https:\/\/france.frmicrosites.autonomic.zone\/de\/wp-json\/wp\/v2\/pages\/33","targetHints":{"allow":["GET"]}}],"collection":[{"href":"https:\/\/france.frmicrosites.autonomic.zone\/de\/wp-json\/wp\/v2\/pages"}],"about":[{"href":"https:\/\/france.frmicrosites.autonomic.zone\/de\/wp-json\/wp\/v2\/types\/page"}],"author":[{"embeddable":true,"href":"https:\/\/france.frmicrosites.autonomic.zone\/de\/wp-json\/wp\/v2\/users\/1"}],"replies":[{"embeddable":true,"href":"https:\/\/france.frmicrosites.autonomic.zone\/de\/wp-json\/wp\/v2\/comments?post=33"}],"version-history":[{"count":23,"href":"https:\/\/france.frmicrosites.autonomic.zone\/de\/wp-json\/wp\/v2\/pages\/33\/revisions"}],"predecessor-version":[{"id":488,"href":"https:\/\/france.frmicrosites.autonomic.zone\/de\/wp-json\/wp\/v2\/pages\/33\/revisions\/488"}],"wp:attachment":[{"href":"https:\/\/france.frmicrosites.autonomic.zone\/de\/wp-json\/wp\/v2\/media?parent=33"}],"curies":[{"name":"wp","href":"https:\/\/api.w.org\/{rel}","templated":true}]}}